{"id":239,"date":"2026-03-26T12:58:04","date_gmt":"2026-03-26T11:58:04","guid":{"rendered":"https:\/\/berou.es\/?page_id=239"},"modified":"2026-03-26T12:59:26","modified_gmt":"2026-03-26T11:59:26","slug":"aviso-legal","status":"publish","type":"page","link":"https:\/\/berou.es\/index.php\/aviso-legal\/","title":{"rendered":"Aviso legal"},"content":{"rendered":"<p>[et_pb_section fb_built=\u00bb1&#8243; theme_builder_area=\u00bbpost_content\u00bb _builder_version=\u00bb4.27.6&#8243; _module_preset=\u00bbdefault\u00bb][et_pb_row _builder_version=\u00bb4.27.6&#8243; _module_preset=\u00bbdefault\u00bb theme_builder_area=\u00bbpost_content\u00bb][et_pb_column _builder_version=\u00bb4.27.6&#8243; _module_preset=\u00bbdefault\u00bb type=\u00bb4_4&#8243; theme_builder_area=\u00bbpost_content\u00bb][et_pb_text _builder_version=\u00bb4.27.6&#8243; _module_preset=\u00bbdefault\u00bb theme_builder_area=\u00bbpost_content\u00bb header_font=\u00bb|700|||||||\u00bb hover_enabled=\u00bb0&#8243; sticky_enabled=\u00bb0&#8243;]<\/p>\n<h1 data-path-to-node=\"3\" style=\"text-align: center;\">AVISO LEGAL<\/h1>\n<p>&nbsp;<\/p>\n<h3 data-path-to-node=\"4\">1. INFORMACI\u00d3N LEY 34\/2002 (LSSI-CE)<\/h3>\n<p data-path-to-node=\"5\">En cumplimiento del deber de informaci\u00f3n establecido en el art\u00edculo 10 de la Ley 34\/2002, de 11 de julio, de Servicios de la Sociedad de la Informaci\u00f3n y del Comercio Electr\u00f3nico, se detallan a continuaci\u00f3n los datos identificativos del titular del sitio web:<\/p>\n<ul data-path-to-node=\"6\">\n<li>\n<p data-path-to-node=\"6,0,0\"><b data-path-to-node=\"6,0,0\" data-index-in-node=\"0\">Denominaci\u00f3n Social:<\/b> Berou Maquinaria SL<\/p>\n<\/li>\n<li>\n<p data-path-to-node=\"6,1,0\"><b data-path-to-node=\"6,1,0\" data-index-in-node=\"0\">Domicilio Social:<\/b> Calle Juan Manuel Serrat, 6 &#8211; 04720 Roquetas de Mar &#8211; Almer\u00eda, Espa\u00f1a.<\/p>\n<\/li>\n<li>\n<p data-path-to-node=\"6,2,0\"><b data-path-to-node=\"6,2,0\" data-index-in-node=\"0\">Actividad Profesional:<\/b> CNAE 2899 &#8211; Fabricaci\u00f3n de maquinaria para usos espec\u00edficos.<\/p>\n<\/li>\n<li>\n<p data-path-to-node=\"6,3,0\"><b data-path-to-node=\"6,3,0\" data-index-in-node=\"0\">Email de contacto:<\/b> administracion@berou.es<\/p>\n<\/li>\n<li>\n<p data-path-to-node=\"6,4,0\"><b data-path-to-node=\"6,4,0\" data-index-in-node=\"0\">Tel\u00e9fono de contacto:<\/b> +34 624 360 684<\/p>\n<\/li>\n<\/ul>\n<h3 data-path-to-node=\"7\">2. PROPIEDAD INTELECTUAL E INDUSTRIAL<\/h3>\n<p data-path-to-node=\"8\">Todos los contenidos de este sitio web, incluyendo a t\u00edtulo enunciativo pero no limitativo: textos, gr\u00e1ficos, im\u00e1genes, logotipos, iconos, software, as\u00ed como el dise\u00f1o gr\u00e1fico y c\u00f3digos fuente, son propiedad exclusiva de <b data-path-to-node=\"8\" data-index-in-node=\"221\">Berou Maquinaria SL<\/b> o de terceros cuyos derechos reconoce la empresa, estando protegidos por la legislaci\u00f3n nacional e internacional.<\/p>\n<p data-path-to-node=\"9\">Queda estrictamente prohibida la reproducci\u00f3n, distribuci\u00f3n, comunicaci\u00f3n p\u00fablica o transformaci\u00f3n de cualquier elemento de esta web sin la autorizaci\u00f3n expresa y por escrito de Berou Maquinaria SL.<\/p>\n<h3 data-path-to-node=\"10\">3. EXCLUSI\u00d3N DE RESPONSABILIDAD<\/h3>\n<p data-path-to-node=\"11\"><b data-path-to-node=\"11\" data-index-in-node=\"0\">Berou Maquinaria SL<\/b> no se hace responsable de los da\u00f1os y perjuicios que pudieran derivarse de:<\/p>\n<ul data-path-to-node=\"12\">\n<li>\n<p data-path-to-node=\"12,0,0\">La falta de disponibilidad, mantenimiento y efectivo funcionamiento de la web o de sus servicios.<\/p>\n<\/li>\n<li>\n<p data-path-to-node=\"12,1,0\">La existencia de virus o programas maliciosos en los contenidos.<\/p>\n<\/li>\n<li>\n<p data-path-to-node=\"12,2,0\">El uso il\u00edcito, negligente o fraudulento de este sitio web por parte de los usuarios.<\/p>\n<\/li>\n<li>\n<p data-path-to-node=\"12,3,0\">La informaci\u00f3n contenida en sitios web de terceros a los que se pueda acceder mediante \u00abenlaces\u00bb o buscadores desde esta web.<\/p>\n<\/li>\n<\/ul>\n<h3 data-path-to-node=\"13\">4. CONDICIONES DE USO<\/h3>\n<p data-path-to-node=\"14\">El usuario se compromete a hacer un uso adecuado de los contenidos y servicios que Berou Maquinaria SL ofrece a trav\u00e9s de su portal. En particular, se compromete a no emplearlos para incurrir en actividades il\u00edcitas, ilegales o contrarias a la buena fe y al orden p\u00fablico.<\/p>\n<h3 data-path-to-node=\"15\">5. LEGISLACI\u00d3N APLICABLE Y JURISDICCI\u00d3N<\/h3>\n<p data-path-to-node=\"16\" id=\"p-rc_3fc3f7062e08802d-19\">Para la resoluci\u00f3n de todas las controve<span class=\"citation-28\"><\/span><span class=\"citation-28 citation-29 citation-end-29\">rsias o cuestiones relacionadas con el presente sitio web o de las actividades en \u00e9l desarrolladas, ser\u00e1 de aplicaci\u00f3n la legislaci\u00f3n espa\u00f1ola, a la que se someten expresamente las partes, siendo competentes para<source-footnote ng-version=\"0.0.0-PLACEHOLDER\" _nghost-ng-c3556136233=\"\"><sup _ngcontent-ng-c3556136233=\"\" class=\"superscript\" data-turn-source-index=\"1\"><\/sup><\/source-footnote><\/span><span class=\"citation-28 citation-end-28\"> la r<source-footnote ng-version=\"0.0.0-PLACEHOLDER\" _nghost-ng-c3556136233=\"\"><sup _ngcontent-ng-c3556136233=\"\" class=\"superscript\" data-turn-source-index=\"2\"><\/sup><\/source-footnote><\/span>esoluci\u00f3n de todos los conflictos derivados o relacionados con su uso los Juzgados y Tribunales de <b data-path-to-node=\"16\" data-index-in-node=\"356\">Almer\u00eda (Espa\u00f1a)<\/b>.<\/p>\n<p>[\/et_pb_text][\/et_pb_column][\/et_pb_row][\/et_pb_section]<\/p>\n","protected":false},"excerpt":{"rendered":"<p>AVISO LEGAL &nbsp; 1. INFORMACI\u00d3N LEY 34\/2002 (LSSI-CE) En cumplimiento del deber de informaci\u00f3n establecido en el art\u00edculo 10 de la Ley 34\/2002, de 11 de julio, de Servicios de la Sociedad de la Informaci\u00f3n y del Comercio Electr\u00f3nico, se detallan a continuaci\u00f3n los datos identificativos del titular del sitio web: Denominaci\u00f3n Social: Berou Maquinaria [&hellip;]<\/p>\n","protected":false},"author":1,"featured_media":0,"parent":0,"menu_order":0,"comment_status":"closed","ping_status":"closed","template":"","meta":{"_et_pb_use_builder":"on","_et_pb_old_content":"<!-- wp:divi\/placeholder \/-->","_et_gb_content_width":"","footnotes":""},"class_list":["post-239","page","type-page","status-publish","hentry"],"_links":{"self":[{"href":"https:\/\/berou.es\/index.php\/wp-json\/wp\/v2\/pages\/239","targetHints":{"allow":["GET"]}}],"collection":[{"href":"https:\/\/berou.es\/index.php\/wp-json\/wp\/v2\/pages"}],"about":[{"href":"https:\/\/berou.es\/index.php\/wp-json\/wp\/v2\/types\/page"}],"author":[{"embeddable":true,"href":"https:\/\/berou.es\/index.php\/wp-json\/wp\/v2\/users\/1"}],"replies":[{"embeddable":true,"href":"https:\/\/berou.es\/index.php\/wp-json\/wp\/v2\/comments?post=239"}],"version-history":[{"count":3,"href":"https:\/\/berou.es\/index.php\/wp-json\/wp\/v2\/pages\/239\/revisions"}],"predecessor-version":[{"id":243,"href":"https:\/\/berou.es\/index.php\/wp-json\/wp\/v2\/pages\/239\/revisions\/243"}],"wp:attachment":[{"href":"https:\/\/berou.es\/index.php\/wp-json\/wp\/v2\/media?parent=239"}],"curies":[{"name":"wp","href":"https:\/\/api.w.org\/{rel}","templated":true}]}}